{"id":59,"date":"2024-12-03T10:04:23","date_gmt":"2024-12-03T10:04:23","guid":{"rendered":"https:\/\/hotel-muette.com\/?page_id=59"},"modified":"2024-12-18T11:00:22","modified_gmt":"2024-12-18T11:00:22","slug":"the-superior-duo","status":"publish","type":"page","link":"https:\/\/hotel-muette.com\/en\/la-duo-superieur","title":{"rendered":"La M - Superior Duo"},"content":{"rendered":"","protected":false},"excerpt":{"rendered":"<p>With its huge windows and its large size, this room is suitable for those with large windows and its large size, the superior duo is perfect for those travelling with two and are looking for a spacious room or have a lot of luggage.<\/p>","protected":false},"author":2,"featured_media":1113,"parent":0,"menu_order":0,"comment_status":"closed","ping_status":"closed","template":"","meta":{"footnotes":""},"class_list":["post-59","page","type-page","status-publish","has-post-thumbnail","czr-hentry"],"yoast_head":"<!-- This site is optimized with the Yoast SEO plugin v24.1 - https:\/\/yoast.com\/wordpress\/plugins\/seo\/ -->\n<title>Chambre DUO - Chambre d&#039;h\u00f4tel \u00e0 Arles - Hotel La Muette<\/title>\n<meta name=\"description\" content=\"La M - Duo sup\u00e9rieure - Chambre d&#039;h\u00f4tel \u00e0 Arles - Hotel La Muette - H\u00f4tel 3 \u00e9toiles et Caf\u00e9 Bar dans le centre historique d&#039;Arles\" \/>\n<meta name=\"robots\" content=\"index, follow, max-snippet:-1, max-image-preview:large, max-video-preview:-1\" \/>\n<link rel=\"canonical\" href=\"https:\/\/hotel-muette.com\/en\/the-superior-duo\/\" \/>\n<meta property=\"og:locale\" content=\"en_GB\" \/>\n<meta property=\"og:type\" content=\"article\" \/>\n<meta property=\"og:title\" content=\"Chambre DUO - Chambre d&#039;h\u00f4tel \u00e0 Arles - Hotel La Muette\" \/>\n<meta property=\"og:description\" content=\"La M - Duo sup\u00e9rieure - Chambre d&#039;h\u00f4tel \u00e0 Arles - Hotel La Muette - H\u00f4tel 3 \u00e9toiles et Caf\u00e9 Bar dans le centre historique d&#039;Arles\" \/>\n<meta property=\"og:url\" content=\"https:\/\/hotel-muette.com\/en\/the-superior-duo\/\" \/>\n<meta property=\"og:site_name\" content=\"Hotel La Muette\" \/>\n<meta property=\"article:publisher\" content=\"https:\/\/www.facebook.com\/hotel.muette\/?locale=fr_FR\" \/>\n<meta property=\"article:modified_time\" content=\"2024-12-18T11:00:22+00:00\" \/>\n<meta property=\"og:image\" content=\"https:\/\/hotel-muette.com\/wp-content\/uploads\/2024\/12\/La-Duo-Superieur-DSC05587Ch5_Duo_sup.jpeg\" \/>\n\t<meta property=\"og:image:width\" content=\"1920\" \/>\n\t<meta property=\"og:image:height\" content=\"1281\" \/>\n\t<meta property=\"og:image:type\" content=\"image\/jpeg\" \/>\n<meta name=\"twitter:card\" content=\"summary_large_image\" \/>\n<meta name=\"twitter:label1\" content=\"Estimated reading time\" \/>\n\t<meta name=\"twitter:data1\" content=\"4 minutes\" \/>\n<script type=\"application\/ld+json\" class=\"yoast-schema-graph\">{\"@context\":\"https:\/\/schema.org\",\"@graph\":[{\"@type\":[\"WebPage\",\"SearchResultsPage\"],\"@id\":\"https:\/\/hotel-muette.com\/la-duo-superieur\",\"url\":\"https:\/\/hotel-muette.com\/la-duo-superieur\",\"name\":\"Chambre DUO - Chambre d'h\u00f4tel \u00e0 Arles - Hotel La Muette\",\"isPartOf\":{\"@id\":\"https:\/\/hotel-muette.com\/#website\"},\"primaryImageOfPage\":{\"@id\":\"https:\/\/hotel-muette.com\/la-duo-superieur#primaryimage\"},\"image\":{\"@id\":\"https:\/\/hotel-muette.com\/la-duo-superieur#primaryimage\"},\"thumbnailUrl\":\"https:\/\/hotel-muette.com\/wp-content\/uploads\/2024\/12\/La-Duo-Superieur-DSC05587Ch5_Duo_sup.jpeg\",\"datePublished\":\"2024-12-03T10:04:23+00:00\",\"dateModified\":\"2024-12-18T11:00:22+00:00\",\"description\":\"La M - Duo sup\u00e9rieure - Chambre d'h\u00f4tel \u00e0 Arles - Hotel La Muette - H\u00f4tel 3 \u00e9toiles et Caf\u00e9 Bar dans le centre historique d'Arles\",\"breadcrumb\":{\"@id\":\"https:\/\/hotel-muette.com\/la-duo-superieur#breadcrumb\"},\"inLanguage\":\"en-GB\",\"potentialAction\":[{\"@type\":\"ReadAction\",\"target\":[\"https:\/\/hotel-muette.com\/la-duo-superieur\"]}]},{\"@type\":\"ImageObject\",\"inLanguage\":\"en-GB\",\"@id\":\"https:\/\/hotel-muette.com\/la-duo-superieur#primaryimage\",\"url\":\"https:\/\/hotel-muette.com\/wp-content\/uploads\/2024\/12\/La-Duo-Superieur-DSC05587Ch5_Duo_sup.jpeg\",\"contentUrl\":\"https:\/\/hotel-muette.com\/wp-content\/uploads\/2024\/12\/La-Duo-Superieur-DSC05587Ch5_Duo_sup.jpeg\",\"width\":1920,\"height\":1281},{\"@type\":\"BreadcrumbList\",\"@id\":\"https:\/\/hotel-muette.com\/la-duo-superieur#breadcrumb\",\"itemListElement\":[{\"@type\":\"ListItem\",\"position\":1,\"name\":\"Accueil\",\"item\":\"https:\/\/hotel-muette.com\/\"},{\"@type\":\"ListItem\",\"position\":2,\"name\":\"La M &#8211; Duo sup\u00e9rieure\"}]},{\"@type\":\"WebSite\",\"@id\":\"https:\/\/hotel-muette.com\/#website\",\"url\":\"https:\/\/hotel-muette.com\/\",\"name\":\"Hotel La Muette\",\"description\":\"\",\"publisher\":{\"@id\":\"https:\/\/hotel-muette.com\/#organization\"},\"potentialAction\":[{\"@type\":\"SearchAction\",\"target\":{\"@type\":\"EntryPoint\",\"urlTemplate\":\"https:\/\/hotel-muette.com\/?s={search_term_string}\"},\"query-input\":{\"@type\":\"PropertyValueSpecification\",\"valueRequired\":true,\"valueName\":\"search_term_string\"}}],\"inLanguage\":\"en-GB\"},{\"@type\":\"Organization\",\"@id\":\"https:\/\/hotel-muette.com\/#organization\",\"name\":\"Hotel La Muette\",\"url\":\"https:\/\/hotel-muette.com\/\",\"logo\":{\"@type\":\"ImageObject\",\"inLanguage\":\"en-GB\",\"@id\":\"https:\/\/hotel-muette.com\/#\/schema\/logo\/image\/\",\"url\":\"https:\/\/hotel-muette.com\/wp-content\/uploads\/2024\/12\/Logo-La-Muette.png\",\"contentUrl\":\"https:\/\/hotel-muette.com\/wp-content\/uploads\/2024\/12\/Logo-La-Muette.png\",\"width\":1080,\"height\":1080,\"caption\":\"Hotel La Muette\"},\"image\":{\"@id\":\"https:\/\/hotel-muette.com\/#\/schema\/logo\/image\/\"},\"sameAs\":[\"https:\/\/www.facebook.com\/hotel.muette\/?locale=fr_FR\",\"https:\/\/www.instagram.com\/hotelmuette_arles\/\"]}]}<\/script>\n<!-- \/ Yoast SEO plugin. -->","yoast_head_json":{"title":"DUO room - Hotel room in Arles - Hotel La Muette","description":"La M - Duo superior - Hotel room in Arles - Hotel La Muette - 3 star Hotel and Caf\u00e9 Bar in the historic centre of Arles","robots":{"index":"index","follow":"follow","max-snippet":"max-snippet:-1","max-image-preview":"max-image-preview:large","max-video-preview":"max-video-preview:-1"},"canonical":"https:\/\/hotel-muette.com\/en\/the-superior-duo\/","og_locale":"en_GB","og_type":"article","og_title":"Chambre DUO - Chambre d'h\u00f4tel \u00e0 Arles - Hotel La Muette","og_description":"La M - Duo sup\u00e9rieure - Chambre d'h\u00f4tel \u00e0 Arles - Hotel La Muette - H\u00f4tel 3 \u00e9toiles et Caf\u00e9 Bar dans le centre historique d'Arles","og_url":"https:\/\/hotel-muette.com\/en\/the-superior-duo\/","og_site_name":"Hotel La Muette","article_publisher":"https:\/\/www.facebook.com\/hotel.muette\/?locale=fr_FR","article_modified_time":"2024-12-18T11:00:22+00:00","og_image":[{"width":1920,"height":1281,"url":"https:\/\/hotel-muette.com\/wp-content\/uploads\/2024\/12\/La-Duo-Superieur-DSC05587Ch5_Duo_sup.jpeg","type":"image\/jpeg"}],"twitter_card":"summary_large_image","twitter_misc":{"Estimated reading time":"4 minutes"},"schema":{"@context":"https:\/\/schema.org","@graph":[{"@type":["WebPage","SearchResultsPage"],"@id":"https:\/\/hotel-muette.com\/la-duo-superieur","url":"https:\/\/hotel-muette.com\/la-duo-superieur","name":"DUO room - Hotel room in Arles - Hotel La Muette","isPartOf":{"@id":"https:\/\/hotel-muette.com\/#website"},"primaryImageOfPage":{"@id":"https:\/\/hotel-muette.com\/la-duo-superieur#primaryimage"},"image":{"@id":"https:\/\/hotel-muette.com\/la-duo-superieur#primaryimage"},"thumbnailUrl":"https:\/\/hotel-muette.com\/wp-content\/uploads\/2024\/12\/La-Duo-Superieur-DSC05587Ch5_Duo_sup.jpeg","datePublished":"2024-12-03T10:04:23+00:00","dateModified":"2024-12-18T11:00:22+00:00","description":"La M - Duo superior - Hotel room in Arles - Hotel La Muette - 3 star Hotel and Caf\u00e9 Bar in the historic centre of Arles","breadcrumb":{"@id":"https:\/\/hotel-muette.com\/la-duo-superieur#breadcrumb"},"inLanguage":"en-GB","potentialAction":[{"@type":"ReadAction","target":["https:\/\/hotel-muette.com\/la-duo-superieur"]}]},{"@type":"ImageObject","inLanguage":"en-GB","@id":"https:\/\/hotel-muette.com\/la-duo-superieur#primaryimage","url":"https:\/\/hotel-muette.com\/wp-content\/uploads\/2024\/12\/La-Duo-Superieur-DSC05587Ch5_Duo_sup.jpeg","contentUrl":"https:\/\/hotel-muette.com\/wp-content\/uploads\/2024\/12\/La-Duo-Superieur-DSC05587Ch5_Duo_sup.jpeg","width":1920,"height":1281},{"@type":"BreadcrumbList","@id":"https:\/\/hotel-muette.com\/la-duo-superieur#breadcrumb","itemListElement":[{"@type":"ListItem","position":1,"name":"Accueil","item":"https:\/\/hotel-muette.com\/"},{"@type":"ListItem","position":2,"name":"La M &#8211; Duo sup\u00e9rieure"}]},{"@type":"WebSite","@id":"https:\/\/hotel-muette.com\/#website","url":"https:\/\/hotel-muette.com\/","name":"Hotel La Muette","description":"","publisher":{"@id":"https:\/\/hotel-muette.com\/#organization"},"potentialAction":[{"@type":"SearchAction","target":{"@type":"EntryPoint","urlTemplate":"https:\/\/hotel-muette.com\/?s={search_term_string}"},"query-input":{"@type":"PropertyValueSpecification","valueRequired":true,"valueName":"search_term_string"}}],"inLanguage":"en-GB"},{"@type":"Organization","@id":"https:\/\/hotel-muette.com\/#organization","name":"Hotel La Muette","url":"https:\/\/hotel-muette.com\/","logo":{"@type":"ImageObject","inLanguage":"en-GB","@id":"https:\/\/hotel-muette.com\/#\/schema\/logo\/image\/","url":"https:\/\/hotel-muette.com\/wp-content\/uploads\/2024\/12\/Logo-La-Muette.png","contentUrl":"https:\/\/hotel-muette.com\/wp-content\/uploads\/2024\/12\/Logo-La-Muette.png","width":1080,"height":1080,"caption":"Hotel La Muette"},"image":{"@id":"https:\/\/hotel-muette.com\/#\/schema\/logo\/image\/"},"sameAs":["https:\/\/www.facebook.com\/hotel.muette\/?locale=fr_FR","https:\/\/www.instagram.com\/hotelmuette_arles\/"]}]}},"_links":{"self":[{"href":"https:\/\/hotel-muette.com\/en\/wp-json\/wp\/v2\/pages\/59","targetHints":{"allow":["GET"]}}],"collection":[{"href":"https:\/\/hotel-muette.com\/en\/wp-json\/wp\/v2\/pages"}],"about":[{"href":"https:\/\/hotel-muette.com\/en\/wp-json\/wp\/v2\/types\/page"}],"author":[{"embeddable":true,"href":"https:\/\/hotel-muette.com\/en\/wp-json\/wp\/v2\/users\/2"}],"replies":[{"embeddable":true,"href":"https:\/\/hotel-muette.com\/en\/wp-json\/wp\/v2\/comments?post=59"}],"version-history":[{"count":4,"href":"https:\/\/hotel-muette.com\/en\/wp-json\/wp\/v2\/pages\/59\/revisions"}],"predecessor-version":[{"id":1231,"href":"https:\/\/hotel-muette.com\/en\/wp-json\/wp\/v2\/pages\/59\/revisions\/1231"}],"wp:featuredmedia":[{"embeddable":true,"href":"https:\/\/hotel-muette.com\/en\/wp-json\/wp\/v2\/media\/1113"}],"wp:attachment":[{"href":"https:\/\/hotel-muette.com\/en\/wp-json\/wp\/v2\/media?parent=59"}],"curies":[{"name":"wp","href":"https:\/\/api.w.org\/{rel}","templated":true}]}}