{"id":1371,"date":"2024-12-18T14:10:24","date_gmt":"2024-12-18T14:10:24","guid":{"rendered":"https:\/\/hotel-muette.com\/?page_id=1371"},"modified":"2024-12-18T14:27:24","modified_gmt":"2024-12-18T14:27:24","slug":"breakfast-in-arles","status":"publish","type":"page","link":"https:\/\/hotel-muette.com\/en\/breakfast-in-arles","title":{"rendered":"Breakfast in Arles"},"content":{"rendered":"","protected":false},"excerpt":{"rendered":"","protected":false},"author":1,"featured_media":1158,"parent":0,"menu_order":0,"comment_status":"closed","ping_status":"closed","template":"","meta":{"footnotes":""},"class_list":["post-1371","page","type-page","status-publish","has-post-thumbnail","czr-hentry"],"yoast_head":"<!-- This site is optimized with the Yoast SEO plugin v24.1 - https:\/\/yoast.com\/wordpress\/plugins\/seo\/ -->\n<title>Petit d\u00e9jeuner \u00e0 Arles - Hotel La Muette<\/title>\n<meta name=\"description\" content=\"Petit d\u00e9jeuner \u00e0 Arles - Hotel La Muette - Notre Caf\u00e9 Bar vous accueille tous les jours pour le petit d\u00e9jeuner en plein centre d&#039;Arles\" \/>\n<meta name=\"robots\" content=\"index, follow, max-snippet:-1, max-image-preview:large, max-video-preview:-1\" \/>\n<link rel=\"canonical\" href=\"https:\/\/hotel-muette.com\/en\/breakfast-in-arles\" \/>\n<meta property=\"og:locale\" content=\"en_GB\" \/>\n<meta property=\"og:type\" content=\"article\" \/>\n<meta property=\"og:title\" content=\"Petit d\u00e9jeuner \u00e0 Arles - Hotel La Muette\" \/>\n<meta property=\"og:description\" content=\"Petit d\u00e9jeuner \u00e0 Arles - Hotel La Muette - Notre Caf\u00e9 Bar vous accueille tous les jours pour le petit d\u00e9jeuner en plein centre d&#039;Arles\" \/>\n<meta property=\"og:url\" content=\"https:\/\/hotel-muette.com\/en\/breakfast-in-arles\" \/>\n<meta property=\"og:site_name\" content=\"Hotel La Muette\" \/>\n<meta property=\"article:publisher\" content=\"https:\/\/www.facebook.com\/hotel.muette\/?locale=fr_FR\" \/>\n<meta property=\"article:modified_time\" content=\"2024-12-18T14:27:24+00:00\" \/>\n<meta property=\"og:image\" content=\"https:\/\/hotel-muette.com\/wp-content\/uploads\/2024\/12\/pdj.jpeg\" \/>\n\t<meta property=\"og:image:width\" content=\"1920\" \/>\n\t<meta property=\"og:image:height\" content=\"1440\" \/>\n\t<meta property=\"og:image:type\" content=\"image\/jpeg\" \/>\n<meta name=\"twitter:card\" content=\"summary_large_image\" \/>\n<meta name=\"twitter:label1\" content=\"Estimated reading time\" \/>\n\t<meta name=\"twitter:data1\" content=\"3 minutes\" \/>\n<script type=\"application\/ld+json\" class=\"yoast-schema-graph\">{\"@context\":\"https:\/\/schema.org\",\"@graph\":[{\"@type\":[\"WebPage\",\"SearchResultsPage\"],\"@id\":\"https:\/\/hotel-muette.com\/petit-dejeuner-a-arles\",\"url\":\"https:\/\/hotel-muette.com\/petit-dejeuner-a-arles\",\"name\":\"Petit d\u00e9jeuner \u00e0 Arles - Hotel La Muette\",\"isPartOf\":{\"@id\":\"https:\/\/hotel-muette.com\/#website\"},\"primaryImageOfPage\":{\"@id\":\"https:\/\/hotel-muette.com\/petit-dejeuner-a-arles#primaryimage\"},\"image\":{\"@id\":\"https:\/\/hotel-muette.com\/petit-dejeuner-a-arles#primaryimage\"},\"thumbnailUrl\":\"https:\/\/hotel-muette.com\/wp-content\/uploads\/2024\/12\/pdj.jpeg\",\"datePublished\":\"2024-12-18T14:10:24+00:00\",\"dateModified\":\"2024-12-18T14:27:24+00:00\",\"description\":\"Petit d\u00e9jeuner \u00e0 Arles - Hotel La Muette - Notre Caf\u00e9 Bar vous accueille tous les jours pour le petit d\u00e9jeuner en plein centre d'Arles\",\"breadcrumb\":{\"@id\":\"https:\/\/hotel-muette.com\/petit-dejeuner-a-arles#breadcrumb\"},\"inLanguage\":\"en-GB\",\"potentialAction\":[{\"@type\":\"ReadAction\",\"target\":[\"https:\/\/hotel-muette.com\/petit-dejeuner-a-arles\"]}]},{\"@type\":\"ImageObject\",\"inLanguage\":\"en-GB\",\"@id\":\"https:\/\/hotel-muette.com\/petit-dejeuner-a-arles#primaryimage\",\"url\":\"https:\/\/hotel-muette.com\/wp-content\/uploads\/2024\/12\/pdj.jpeg\",\"contentUrl\":\"https:\/\/hotel-muette.com\/wp-content\/uploads\/2024\/12\/pdj.jpeg\",\"width\":1920,\"height\":1440},{\"@type\":\"BreadcrumbList\",\"@id\":\"https:\/\/hotel-muette.com\/petit-dejeuner-a-arles#breadcrumb\",\"itemListElement\":[{\"@type\":\"ListItem\",\"position\":1,\"name\":\"Accueil\",\"item\":\"https:\/\/hotel-muette.com\/\"},{\"@type\":\"ListItem\",\"position\":2,\"name\":\"Petit d\u00e9jeuner \u00e0 Arles\"}]},{\"@type\":\"WebSite\",\"@id\":\"https:\/\/hotel-muette.com\/#website\",\"url\":\"https:\/\/hotel-muette.com\/\",\"name\":\"Hotel La Muette\",\"description\":\"\",\"publisher\":{\"@id\":\"https:\/\/hotel-muette.com\/#organization\"},\"potentialAction\":[{\"@type\":\"SearchAction\",\"target\":{\"@type\":\"EntryPoint\",\"urlTemplate\":\"https:\/\/hotel-muette.com\/?s={search_term_string}\"},\"query-input\":{\"@type\":\"PropertyValueSpecification\",\"valueRequired\":true,\"valueName\":\"search_term_string\"}}],\"inLanguage\":\"en-GB\"},{\"@type\":\"Organization\",\"@id\":\"https:\/\/hotel-muette.com\/#organization\",\"name\":\"Hotel La Muette\",\"url\":\"https:\/\/hotel-muette.com\/\",\"logo\":{\"@type\":\"ImageObject\",\"inLanguage\":\"en-GB\",\"@id\":\"https:\/\/hotel-muette.com\/#\/schema\/logo\/image\/\",\"url\":\"https:\/\/hotel-muette.com\/wp-content\/uploads\/2024\/12\/Logo-La-Muette.png\",\"contentUrl\":\"https:\/\/hotel-muette.com\/wp-content\/uploads\/2024\/12\/Logo-La-Muette.png\",\"width\":1080,\"height\":1080,\"caption\":\"Hotel La Muette\"},\"image\":{\"@id\":\"https:\/\/hotel-muette.com\/#\/schema\/logo\/image\/\"},\"sameAs\":[\"https:\/\/www.facebook.com\/hotel.muette\/?locale=fr_FR\",\"https:\/\/www.instagram.com\/hotelmuette_arles\/\"]}]}<\/script>\n<!-- \/ Yoast SEO plugin. -->","yoast_head_json":{"title":"Breakfast in Arles - Hotel La Muette","description":"Breakfast in Arles - Hotel La Muette - Our Caf\u00e9 Bar welcomes you every day for breakfast in the centre of Arles","robots":{"index":"index","follow":"follow","max-snippet":"max-snippet:-1","max-image-preview":"max-image-preview:large","max-video-preview":"max-video-preview:-1"},"canonical":"https:\/\/hotel-muette.com\/en\/breakfast-in-arles","og_locale":"en_GB","og_type":"article","og_title":"Petit d\u00e9jeuner \u00e0 Arles - Hotel La Muette","og_description":"Petit d\u00e9jeuner \u00e0 Arles - Hotel La Muette - Notre Caf\u00e9 Bar vous accueille tous les jours pour le petit d\u00e9jeuner en plein centre d'Arles","og_url":"https:\/\/hotel-muette.com\/en\/breakfast-in-arles","og_site_name":"Hotel La Muette","article_publisher":"https:\/\/www.facebook.com\/hotel.muette\/?locale=fr_FR","article_modified_time":"2024-12-18T14:27:24+00:00","og_image":[{"width":1920,"height":1440,"url":"https:\/\/hotel-muette.com\/wp-content\/uploads\/2024\/12\/pdj.jpeg","type":"image\/jpeg"}],"twitter_card":"summary_large_image","twitter_misc":{"Estimated reading time":"3 minutes"},"schema":{"@context":"https:\/\/schema.org","@graph":[{"@type":["WebPage","SearchResultsPage"],"@id":"https:\/\/hotel-muette.com\/petit-dejeuner-a-arles","url":"https:\/\/hotel-muette.com\/petit-dejeuner-a-arles","name":"Breakfast in Arles - Hotel La Muette","isPartOf":{"@id":"https:\/\/hotel-muette.com\/#website"},"primaryImageOfPage":{"@id":"https:\/\/hotel-muette.com\/petit-dejeuner-a-arles#primaryimage"},"image":{"@id":"https:\/\/hotel-muette.com\/petit-dejeuner-a-arles#primaryimage"},"thumbnailUrl":"https:\/\/hotel-muette.com\/wp-content\/uploads\/2024\/12\/pdj.jpeg","datePublished":"2024-12-18T14:10:24+00:00","dateModified":"2024-12-18T14:27:24+00:00","description":"Breakfast in Arles - Hotel La Muette - Our Caf\u00e9 Bar welcomes you every day for breakfast in the centre of Arles","breadcrumb":{"@id":"https:\/\/hotel-muette.com\/petit-dejeuner-a-arles#breadcrumb"},"inLanguage":"en-GB","potentialAction":[{"@type":"ReadAction","target":["https:\/\/hotel-muette.com\/petit-dejeuner-a-arles"]}]},{"@type":"ImageObject","inLanguage":"en-GB","@id":"https:\/\/hotel-muette.com\/petit-dejeuner-a-arles#primaryimage","url":"https:\/\/hotel-muette.com\/wp-content\/uploads\/2024\/12\/pdj.jpeg","contentUrl":"https:\/\/hotel-muette.com\/wp-content\/uploads\/2024\/12\/pdj.jpeg","width":1920,"height":1440},{"@type":"BreadcrumbList","@id":"https:\/\/hotel-muette.com\/petit-dejeuner-a-arles#breadcrumb","itemListElement":[{"@type":"ListItem","position":1,"name":"Accueil","item":"https:\/\/hotel-muette.com\/"},{"@type":"ListItem","position":2,"name":"Petit d\u00e9jeuner \u00e0 Arles"}]},{"@type":"WebSite","@id":"https:\/\/hotel-muette.com\/#website","url":"https:\/\/hotel-muette.com\/","name":"Hotel La Muette","description":"","publisher":{"@id":"https:\/\/hotel-muette.com\/#organization"},"potentialAction":[{"@type":"SearchAction","target":{"@type":"EntryPoint","urlTemplate":"https:\/\/hotel-muette.com\/?s={search_term_string}"},"query-input":{"@type":"PropertyValueSpecification","valueRequired":true,"valueName":"search_term_string"}}],"inLanguage":"en-GB"},{"@type":"Organization","@id":"https:\/\/hotel-muette.com\/#organization","name":"Hotel La Muette","url":"https:\/\/hotel-muette.com\/","logo":{"@type":"ImageObject","inLanguage":"en-GB","@id":"https:\/\/hotel-muette.com\/#\/schema\/logo\/image\/","url":"https:\/\/hotel-muette.com\/wp-content\/uploads\/2024\/12\/Logo-La-Muette.png","contentUrl":"https:\/\/hotel-muette.com\/wp-content\/uploads\/2024\/12\/Logo-La-Muette.png","width":1080,"height":1080,"caption":"Hotel La Muette"},"image":{"@id":"https:\/\/hotel-muette.com\/#\/schema\/logo\/image\/"},"sameAs":["https:\/\/www.facebook.com\/hotel.muette\/?locale=fr_FR","https:\/\/www.instagram.com\/hotelmuette_arles\/"]}]}},"_links":{"self":[{"href":"https:\/\/hotel-muette.com\/en\/wp-json\/wp\/v2\/pages\/1371","targetHints":{"allow":["GET"]}}],"collection":[{"href":"https:\/\/hotel-muette.com\/en\/wp-json\/wp\/v2\/pages"}],"about":[{"href":"https:\/\/hotel-muette.com\/en\/wp-json\/wp\/v2\/types\/page"}],"author":[{"embeddable":true,"href":"https:\/\/hotel-muette.com\/en\/wp-json\/wp\/v2\/users\/1"}],"replies":[{"embeddable":true,"href":"https:\/\/hotel-muette.com\/en\/wp-json\/wp\/v2\/comments?post=1371"}],"version-history":[{"count":1,"href":"https:\/\/hotel-muette.com\/en\/wp-json\/wp\/v2\/pages\/1371\/revisions"}],"predecessor-version":[{"id":1372,"href":"https:\/\/hotel-muette.com\/en\/wp-json\/wp\/v2\/pages\/1371\/revisions\/1372"}],"wp:featuredmedia":[{"embeddable":true,"href":"https:\/\/hotel-muette.com\/en\/wp-json\/wp\/v2\/media\/1158"}],"wp:attachment":[{"href":"https:\/\/hotel-muette.com\/en\/wp-json\/wp\/v2\/media?parent=1371"}],"curies":[{"name":"wp","href":"https:\/\/api.w.org\/{rel}","templated":true}]}}